{"id":316,"date":"2016-03-07T11:46:58","date_gmt":"2016-03-07T04:46:58","guid":{"rendered":"http:\/\/ptso1.com\/?page_id=316&#038;lang=en"},"modified":"2016-03-16T10:42:57","modified_gmt":"2016-03-16T03:42:57","slug":"factories","status":"publish","type":"page","link":"https:\/\/ptso1.com\/en\/factories\/","title":{"rendered":"Factories"},"content":{"rendered":"<div style=\"width: 680px; height: 142px;\">\n<div style=\"width: 220px; padding-right: 10px; float: left;\">\n<div id=\"attachment_266\" style=\"width: 210px\" class=\"wp-caption alignleft\"><a href=\"http:\/\/ptso1.com\/factories\/calcium-carbonate-manufacturers-in-vietnam\/?lang=en\"><img aria-describedby=\"caption-attachment-266\" loading=\"lazy\" class=\"wp-image-266\" src=\"http:\/\/ptso1.com\/wp-content\/uploads\/2016\/02\/IMG_4296-1-300x200.jpg\" alt=\"Nh\u00e0 m\u00e1y \u0111\u00e1 tr\u1eafng\" width=\"200\" height=\"133\" srcset=\"https:\/\/ptso1.com\/wp-content\/uploads\/2016\/02\/IMG_4296-1-300x200.jpg 300w, https:\/\/ptso1.com\/wp-content\/uploads\/2016\/02\/IMG_4296-1-768x511.jpg 768w, https:\/\/ptso1.com\/wp-content\/uploads\/2016\/02\/IMG_4296-1.jpg 1000w\" sizes=\"(max-width: 200px) 100vw, 200px\" \/><\/a><p id=\"caption-attachment-266\" class=\"wp-caption-text\"><a href=\"http:\/\/ptso1.com\/factories\/calcium-carbonate-manufacturers-in-vietnam\/?lang=en\">CaCO3 Powder Factory<\/a><\/p><\/div>\n<\/div>\n<div style=\"width: 220px; padding-right: 10px; float: left;\">\n<div id=\"attachment_267\" style=\"width: 210px\" class=\"wp-caption alignleft\"><a href=\"http:\/\/ptso1.com\/factories\/yen-bai-iron-ore-factory\/?lang=en\"><img aria-describedby=\"caption-attachment-267\" loading=\"lazy\" class=\"wp-image-267\" src=\"http:\/\/ptso1.com\/wp-content\/uploads\/2016\/02\/IMG_4762-1-300x200.jpg\" alt=\"Nh\u00e0 m\u00e1y ch\u1ebf bi\u1ebfn s\u1eaft\" width=\"200\" height=\"133\" srcset=\"https:\/\/ptso1.com\/wp-content\/uploads\/2016\/02\/IMG_4762-1-300x200.jpg 300w, https:\/\/ptso1.com\/wp-content\/uploads\/2016\/02\/IMG_4762-1-768x511.jpg 768w, https:\/\/ptso1.com\/wp-content\/uploads\/2016\/02\/IMG_4762-1.jpg 1000w\" sizes=\"(max-width: 200px) 100vw, 200px\" \/><\/a><p id=\"caption-attachment-267\" class=\"wp-caption-text\"><a href=\"http:\/\/ptso1.com\/factories\/yen-bai-iron-ore-factory\/?lang=en\">Yen Bai Iron Ore Factory<\/a><\/p><\/div>\n<\/div>\n<div style=\"width: 220px; float: left;\">\n<div id=\"attachment_256\" style=\"width: 210px\" class=\"wp-caption alignleft\"><a href=\"http:\/\/ptso1.com\/factories\/lang-son-iron-factory\/?lang=en\"><img aria-describedby=\"caption-attachment-256\" loading=\"lazy\" class=\"wp-image-256\" src=\"http:\/\/ptso1.com\/wp-content\/uploads\/2016\/02\/nha-may-lang-son-300x200.jpg\" alt=\"nha may lang son\" width=\"200\" height=\"133\" \/><\/a><p id=\"caption-attachment-256\" class=\"wp-caption-text\"><a href=\"http:\/\/ptso1.com\/factories\/lang-son-iron-factory?lang=en\">Lang Son Iron Factory<\/a><\/p><\/div>\n<\/div>\n<\/div>\n<p>&nbsp;<\/p>\n<p>&nbsp;<\/p>\n<p><strong>Headquarter<\/strong><\/p>\n<p>Minh Tan, Kinh Mon, Hai Duong, VietNam<\/p>\n<p><strong>Hanoi Office<\/strong><\/p>\n<p>26th Floor, Vinaconex 9 Building, Pham Hung Street, Tu Liem, Hanoi<\/p>\n<p><strong>Yen Bai Iron Ore Factory<\/strong><\/p>\n<p>Chan Thinh, \u00a0Van Chan, Yen Bai<\/p>\n<p><strong>CaCO3 Powder Factory <\/strong><\/p>\n<p>Southern Industry Zone,\u00a0Van Tien, Yen Bai, \u00a0Yen Bai, Vietnam<\/p>\n<p><strong>Lang Son Paper Factory<\/strong><\/p>\n<p>Ban Trai, Khang Chien, Trang Dinh, Lang Son<\/p>\n<p><strong>Gia Chanh Iron Ore, Lang Son<\/strong><\/p>\n<p>Tan Thanh, Van Lang, Lang Son<\/p>\n<p class=\"detailcompany_name\"><strong>Enterprise For Exploitation &amp; Processing Of<\/strong>\u00a0<strong>Grannit and Mangan Stone<\/strong><\/p>\n<p>Km 5, Hai Yen, Mong Cai, Quang Ninh<\/p>\n<p><strong>Hai Phong Office<\/strong><\/p>\n<p>No.1, Cau Binh Street, So Dau, Hong Bang, Hai Phong<\/p>\n<p><strong>Quang Ninh Office<\/strong><\/p>\n<p>Bai Chay, Ha Long,\u00a0Quang Ninh<\/p>\n<p><iframe loading=\"lazy\" src=\"https:\/\/www.google.com\/maps\/d\/embed?mid=zuIgH7gmQYGA.kiSTOudVseiM\" width=\"640\" height=\"480\"><\/iframe><\/p>\n","protected":false},"excerpt":{"rendered":"<p>&nbsp; &nbsp; Headquarter Minh Tan, Kinh Mon, Hai Duong, VietNam Hanoi Office 26th Floor, Vinaconex 9 Building, Pham Hung Street, Tu Liem, Hanoi Yen Bai Iron Ore Factory Chan Thinh, \u00a0Van Chan, Yen Bai CaCO3 Powder Factory Southern Industry Zone,\u00a0Van Tien, Yen Bai, \u00a0Yen Bai, Vietnam Lang Son Paper Factory Ban Trai, Khang Chien, Trang [&hellip;]<\/p>\n","protected":false},"author":1,"featured_media":0,"parent":0,"menu_order":0,"comment_status":"closed","ping_status":"closed","template":"","meta":[],"_links":{"self":[{"href":"https:\/\/ptso1.com\/en\/wp-json\/wp\/v2\/pages\/316"}],"collection":[{"href":"https:\/\/ptso1.com\/en\/wp-json\/wp\/v2\/pages"}],"about":[{"href":"https:\/\/ptso1.com\/en\/wp-json\/wp\/v2\/types\/page"}],"author":[{"embeddable":true,"href":"https:\/\/ptso1.com\/en\/wp-json\/wp\/v2\/users\/1"}],"replies":[{"embeddable":true,"href":"https:\/\/ptso1.com\/en\/wp-json\/wp\/v2\/comments?post=316"}],"version-history":[{"count":7,"href":"https:\/\/ptso1.com\/en\/wp-json\/wp\/v2\/pages\/316\/revisions"}],"predecessor-version":[{"id":626,"href":"https:\/\/ptso1.com\/en\/wp-json\/wp\/v2\/pages\/316\/revisions\/626"}],"wp:attachment":[{"href":"https:\/\/ptso1.com\/en\/wp-json\/wp\/v2\/media?parent=316"}],"curies":[{"name":"wp","href":"https:\/\/api.w.org\/{rel}","templated":true}]}}